{"id":481,"date":"2023-11-15T11:43:56","date_gmt":"2023-11-15T10:43:56","guid":{"rendered":"https:\/\/kadirdogan.com.tr\/?page_id=481"},"modified":"2023-11-15T11:46:50","modified_gmt":"2023-11-15T10:46:50","slug":"satzmacher-almanca-gramer-oyunu","status":"publish","type":"page","link":"https:\/\/kadirdogan.com.tr\/index.php\/almanca-ogren\/satzmacher-almanca-gramer-oyunu\/","title":{"rendered":"Satzmacher &#8211; Almanca Gramer Oyunu"},"content":{"rendered":"<h1>SATZMACHER ile Gramer \u00d6\u011frenin<\/h1>\n<p><a href=\"https:\/\/kadirdogan.com.tr\/satzmacher.html\"><img loading=\"lazy\" decoding=\"async\" class=\"alignleft wp-image-479\" src=\"http:\/\/kadirdogan.com.tr\/wp-content\/uploads\/2023\/11\/satzmacher1-1.png\" alt=\"\" width=\"267\" height=\"462\" srcset=\"https:\/\/kadirdogan.com.tr\/wp-content\/uploads\/2023\/11\/satzmacher1-1.png 637w, https:\/\/kadirdogan.com.tr\/wp-content\/uploads\/2023\/11\/satzmacher1-1-174x300.png 174w, https:\/\/kadirdogan.com.tr\/wp-content\/uploads\/2023\/11\/satzmacher1-1-592x1024.png 592w\" sizes=\"auto, (max-width: 267px) 100vw, 267px\" \/><\/a>Almanca gramer \u00f6\u011frenmek, c\u00fcmle kurma egzersizleri yapmak i\u00e7in bir uygulama var m\u0131 bilmiyorum. En az\u0131ndan benim kar\u015f\u0131ma \u00e7\u0131kmad\u0131. Bu sebepten Satzmacher isimli bu basit uygulamay\u0131 yazd\u0131m. Kurulum gerekmez, telefon, tablet ya da bilgisayardan kolayca eri\u015febilirsiniz. \u0130sterseniz grup \u00e7al\u0131\u015fmalar\u0131nda istersenizde kendi ba\u015f\u0131n\u0131za almanca gramer et\u00fcd\u00fc yapabilirsiniz. Asl\u0131nda bu uygulama Wortratespiel&#8217;in bir uzant\u0131s\u0131 olarak do\u011fdu, normalde Worratespiel arac\u0131l\u0131\u011f\u0131 ile elde etti\u011finiz kelimeleri bu uygulamaya girerek, Wort hinzuf\u00fcgen butonuna bas\u0131p kelimeleri uygulamaya ekliyorsunuz, ama art\u0131k virg\u00fcl\u00a0 ya da enter ile ayr\u0131lm\u0131\u015f kendi kelime ar\u015fivinizide girebilirsiniz. Uygulama sizin girdi\u011finiz kelimelere ve tercihlerinize g\u00f6re almancada en s\u0131k kullan\u0131lan &#8220;verben mit pr\u00e4position&#8221; ve Konj.(Konjuktion &#8211; ba\u011fla\u00e7lar) ile beraber random olarak bu kelimeleri getiriyor. Uygulaman\u0131n hemen alt\u0131nda bulunan gramer konular\u0131ndan faydalanarak, c\u00fcmleler olu\u015fturuyorsunuz. C\u00fcmlelerin sa\u011flamas\u0131n\u0131 DeepL ya da chatgpt platformlar\u0131ndan yapabilirsiniz. \u00dccret? \u015fimdilik yok \ud83d\ude42 Link : <a href=\"https:\/\/kadirdogan.com.tr\/satzmacher.html\">Satzmacher<\/a><\/p>\n","protected":false},"excerpt":{"rendered":"<p>SATZMACHER ile Gramer \u00d6\u011frenin Almanca gramer \u00f6\u011frenmek, c\u00fcmle kurma egzersizleri yapmak i\u00e7in bir uygulama var m\u0131 bilmiyorum. En az\u0131ndan benim kar\u015f\u0131ma \u00e7\u0131kmad\u0131. Bu sebepten Satzmacher isimli bu basit uygulamay\u0131 yazd\u0131m. Kurulum gerekmez, telefon, tablet ya da bilgisayardan kolayca eri\u015febilirsiniz. \u0130sterseniz grup \u00e7al\u0131\u015fmalar\u0131nda istersenizde kendi ba\u015f\u0131n\u0131za almanca gramer et\u00fcd\u00fc yapabilirsiniz. Asl\u0131nda bu uygulama Wortratespiel&#8217;in bir uzant\u0131s\u0131 [&hellip;]<\/p>\n","protected":false},"author":1,"featured_media":0,"parent":280,"menu_order":0,"comment_status":"closed","ping_status":"closed","template":"","meta":{"site-sidebar-layout":"default","site-content-layout":"","ast-site-content-layout":"default","site-content-style":"default","site-sidebar-style":"default","ast-global-header-display":"","ast-banner-title-visibility":"","ast-main-header-display":"","ast-hfb-above-header-display":"","ast-hfb-below-header-display":"","ast-hfb-mobile-header-display":"","site-post-title":"","ast-breadcrumbs-content":"","ast-featured-img":"","footer-sml-layout":"","theme-transparent-header-meta":"default","adv-header-id-meta":"","stick-header-meta":"","header-above-stick-meta":"","header-main-stick-meta":"","header-below-stick-meta":"","astra-migrate-meta-layouts":"set","ast-page-background-enabled":"default","ast-page-background-meta":{"desktop":{"background-color":"var(--ast-global-color-4)","background-image":"","background-repeat":"repeat","background-position":"center center","background-size":"auto","background-attachment":"scroll","background-type":"","background-media":"","overlay-type":"","overlay-color":"","overlay-gradient":""},"tablet":{"background-color":"","background-image":"","background-repeat":"repeat","background-position":"center center","background-size":"auto","background-attachment":"scroll","background-type":"","background-media":"","overlay-type":"","overlay-color":"","overlay-gradient":""},"mobile":{"background-color":"","background-image":"","background-repeat":"repeat","background-position":"center center","background-size":"auto","background-attachment":"scroll","background-type":"","background-media":"","overlay-type":"","overlay-color":"","overlay-gradient":""}},"ast-content-background-meta":{"desktop":{"background-color":"var(--ast-global-color-5)","background-image":"","background-repeat":"repeat","background-position":"center center","background-size":"auto","background-attachment":"scroll","background-type":"","background-media":"","overlay-type":"","overlay-color":"","overlay-gradient":""},"tablet":{"background-color":"var(--ast-global-color-5)","background-image":"","background-repeat":"repeat","background-position":"center center","background-size":"auto","background-attachment":"scroll","background-type":"","background-media":"","overlay-type":"","overlay-color":"","overlay-gradient":""},"mobile":{"background-color":"var(--ast-global-color-5)","background-image":"","background-repeat":"repeat","background-position":"center center","background-size":"auto","background-attachment":"scroll","background-type":"","background-media":"","overlay-type":"","overlay-color":"","overlay-gradient":""}},"footnotes":""},"class_list":["post-481","page","type-page","status-publish","hentry"],"_links":{"self":[{"href":"https:\/\/kadirdogan.com.tr\/index.php\/wp-json\/wp\/v2\/pages\/481","targetHints":{"allow":["GET"]}}],"collection":[{"href":"https:\/\/kadirdogan.com.tr\/index.php\/wp-json\/wp\/v2\/pages"}],"about":[{"href":"https:\/\/kadirdogan.com.tr\/index.php\/wp-json\/wp\/v2\/types\/page"}],"author":[{"embeddable":true,"href":"https:\/\/kadirdogan.com.tr\/index.php\/wp-json\/wp\/v2\/users\/1"}],"replies":[{"embeddable":true,"href":"https:\/\/kadirdogan.com.tr\/index.php\/wp-json\/wp\/v2\/comments?post=481"}],"version-history":[{"count":5,"href":"https:\/\/kadirdogan.com.tr\/index.php\/wp-json\/wp\/v2\/pages\/481\/revisions"}],"predecessor-version":[{"id":488,"href":"https:\/\/kadirdogan.com.tr\/index.php\/wp-json\/wp\/v2\/pages\/481\/revisions\/488"}],"up":[{"embeddable":true,"href":"https:\/\/kadirdogan.com.tr\/index.php\/wp-json\/wp\/v2\/pages\/280"}],"wp:attachment":[{"href":"https:\/\/kadirdogan.com.tr\/index.php\/wp-json\/wp\/v2\/media?parent=481"}],"curies":[{"name":"wp","href":"https:\/\/api.w.org\/{rel}","templated":true}]}}