{"id":411,"date":"2023-11-14T08:58:03","date_gmt":"2023-11-14T07:58:03","guid":{"rendered":"https:\/\/kadirdogan.com.tr\/?page_id=411"},"modified":"2023-11-14T09:46:43","modified_gmt":"2023-11-14T08:46:43","slug":"gitar-akorlari","status":"publish","type":"page","link":"https:\/\/kadirdogan.com.tr\/index.php\/gitar-akorlari\/","title":{"rendered":"Gitar Akorlar\u0131"},"content":{"rendered":"<p>Yeni ba\u015flayanlar i\u00e7in gitar akorlar\u0131nu bulmak, \u00e7\u0131karmak ya da yorumlamak her zaman soru\u0131n olmu\u015ftur. Bunun yan\u0131nda \u00f6zellikle ba\u011flama gibi t\u00fcrk m\u00fczi\u011fine ait bir est\u00fcrmana bat\u0131 m\u00fczi\u011finin enst\u00fcrman\u0131 olan gitar ile e\u015flik etmek her zaman kafa kar\u0131\u015ft\u0131r\u0131c\u0131 olmu\u015ftur. A\u015fa\u011f\u0131daki \u015fark\u0131lar\u0131 bu konuyu g\u00f6z \u00f6n\u00fcne alarak d\u00fczenledim.<\/p>\n<div class=\"az-post-list\"><div class=\"az-letter\"><span><strong>A<\/strong><\/span><\/div><div class=\"az-posts\"><div class=\"az-post\"><a href=\"https:\/\/kadirdogan.com.tr\/index.php\/2023\/11\/18\/adaletin-bu-mu-dunya-selda-bagcan\/\">Adaletin Bu Mu D\u00fcnya &#8211; Selda Ba\u011fcan<\/a><\/div><div class=\"az-post\"><a href=\"https:\/\/kadirdogan.com.tr\/index.php\/2023\/11\/13\/alli-turnam\/\">All\u0131 Turnam &#8211; Anonim<\/a><\/div><div class=\"az-post\"><a href=\"https:\/\/kadirdogan.com.tr\/index.php\/2023\/11\/13\/altin-yuzugum-kirildi\/\">Alt\u0131n Y\u00fcz\u00fc\u011f\u00fcm K\u0131r\u0131ld\u0131 &#8211; Anonim<\/a><\/div><div class=\"az-post\"><a href=\"https:\/\/kadirdogan.com.tr\/index.php\/2024\/02\/26\/anlasana-haluk-levent\/\">Anlasana &#8211; Haluk Levent<\/a><\/div><div class=\"az-post\"><a href=\"https:\/\/kadirdogan.com.tr\/index.php\/2024\/06\/11\/anlatmaliymis-meger-ayna\/\">Anlatmal\u0131ym\u0131\u015f Me\u011fer &#8211; Ayna<\/a><\/div><div class=\"az-post\"><a href=\"https:\/\/kadirdogan.com.tr\/index.php\/2024\/05\/24\/askin-olayim-simge\/\">A\u015fk\u0131n Olay\u0131m &#8211; Simge<\/a><\/div><div class=\"az-post\"><a href=\"https:\/\/kadirdogan.com.tr\/index.php\/2024\/05\/05\/aya-benzer-mustafa-sandal\/\">Aya Benzer &#8211; Mustafa Sandal<\/a><\/div><div class=\"az-post\"><a href=\"https:\/\/kadirdogan.com.tr\/index.php\/2023\/11\/14\/ayletme-beni\/\">Ayletme Beni &#8211; Anonim<\/a><\/div><div class=\"az-post\"><a href=\"https:\/\/kadirdogan.com.tr\/index.php\/2023\/11\/19\/ayrilik-anonim\/\">Ayr\u0131l\u0131k &#8211; Anonim<\/a><\/div><\/div><div class=\"az-letter\"><span><strong>B<\/strong><\/span><\/div><div class=\"az-posts\"><div class=\"az-post\"><a href=\"https:\/\/kadirdogan.com.tr\/index.php\/2023\/11\/17\/bagisla-beni\/\">Ba\u011f\u0131\u015fla Beni &#8211; Nesimi \u00c7imen<\/a><\/div><div class=\"az-post\"><a href=\"https:\/\/kadirdogan.com.tr\/index.php\/2023\/11\/15\/ben-her-gece-sarhosum\/\">Ben Her Gece Sarho\u015fum &#8211; \u0130brahim Tatl\u0131ses<\/a><\/div><div class=\"az-post\"><a href=\"https:\/\/kadirdogan.com.tr\/index.php\/2023\/11\/12\/beni-hor-gorme-kardesim\/\">Beni Hor G\u00f6rme Karde\u015fim &#8211; A\u015f\u0131k Veysel<\/a><\/div><div class=\"az-post\"><a href=\"https:\/\/kadirdogan.com.tr\/index.php\/2024\/05\/21\/beni-vur-ahmet-kaya\/\">Beni Vur &#8211; Ahmet Kaya<\/a><\/div><div class=\"az-post\"><a href=\"https:\/\/kadirdogan.com.tr\/index.php\/2024\/02\/21\/muhabbet-baginda-bir-derdim-var-bin-dermana-degismem-barabar\/\">Bir Derdim Var Bin Dermana De\u011fi\u015fmem &#8211; BARABAR<\/a><\/div><div class=\"az-post\"><a href=\"https:\/\/kadirdogan.com.tr\/index.php\/2023\/11\/18\/bosu-bosuna-asik-mahsuni-serif\/\">Bo\u015fu Bo\u015funa &#8211; A\u015f\u0131k Mahsuni \u015eerif<\/a><\/div><div class=\"az-post\"><a href=\"https:\/\/kadirdogan.com.tr\/index.php\/2023\/11\/19\/bu-tepe-pullu-tepe\/\">Bu Tepe Pullu Tepe &#8211; Anonim<\/a><\/div><\/div><div class=\"az-letter\"><span><strong>D<\/strong><\/span><\/div><div class=\"az-posts\"><div class=\"az-post\"><a href=\"https:\/\/kadirdogan.com.tr\/index.php\/2023\/11\/18\/daglara-kustum-ali-zulfu-livaneli\/\">Da\u011flara K\u00fcst\u00fcm Ali &#8211; Z\u00fclf\u00fc Livaneli<\/a><\/div><div class=\"az-post\"><a href=\"https:\/\/kadirdogan.com.tr\/index.php\/2023\/11\/26\/deliler-yeni-turku\/\">Deliler &#8211; Yeni T\u00fcrk\u00fc<\/a><\/div><div class=\"az-post\"><a href=\"https:\/\/kadirdogan.com.tr\/index.php\/2023\/11\/17\/dim-dim-asik-ihsani\/\">D\u0131m D\u0131m &#8211; A\u015f\u0131k \u0130hsani<\/a><\/div><div class=\"az-post\"><a href=\"https:\/\/kadirdogan.com.tr\/index.php\/2023\/11\/19\/drama-koprusu-anonim\/\">Drama K\u00f6pr\u00fcs\u00fc &#8211; Anonim<\/a><\/div><\/div><div class=\"az-letter\"><span><strong>E<\/strong><\/span><\/div><div class=\"az-posts\"><div class=\"az-post\"><a href=\"https:\/\/kadirdogan.com.tr\/index.php\/2023\/11\/18\/evlerinin-onu-yonca-anonim\/\">Evlerinin \u00d6n\u00fc Yonca &#8211; Anonim<\/a><\/div><\/div><div class=\"az-letter\"><span><strong>F<\/strong><\/span><\/div><div class=\"az-posts\"><div class=\"az-post\"><a href=\"https:\/\/kadirdogan.com.tr\/index.php\/2024\/08\/23\/firuze-sezen-aksu\/\">Firuze &#8211; Sezen Aksu<\/a><\/div><\/div><div class=\"az-letter\"><span><strong>G<\/strong><\/span><\/div><div class=\"az-posts\"><div class=\"az-post\"><a href=\"https:\/\/kadirdogan.com.tr\/index.php\/2024\/05\/15\/gemiler-teoman\/\">Gemiler &#8211; Teoman<\/a><\/div><div class=\"az-post\"><a href=\"https:\/\/kadirdogan.com.tr\/index.php\/2023\/11\/18\/gurbette-sahipsiz-bir-yolcu-gibi-bergen\/\">Gurbette Sahipsiz Bir Yolcu Gibi &#8211; Bergen<\/a><\/div><\/div><div class=\"az-letter\"><span><strong>H<\/strong><\/span><\/div><div class=\"az-posts\"><div class=\"az-post\"><a href=\"https:\/\/kadirdogan.com.tr\/index.php\/2024\/11\/10\/hadi-sen-git-isine-ahmet-kaya\/\">Hadi Sen Git \u0130\u015fine &#8211; Ahmet Kaya<\/a><\/div><div class=\"az-post\"><a href=\"https:\/\/kadirdogan.com.tr\/index.php\/2023\/11\/16\/halkali-seker\/\">Halkal\u0131 \u015eeker &#8211; Anonim<\/a><\/div><div class=\"az-post\"><a href=\"https:\/\/kadirdogan.com.tr\/index.php\/2023\/11\/26\/haslayin-beni-asik-mahsuni-serif\/\">Ha\u015flay\u0131n Beni &#8211; A\u015f\u0131k Mahsuni \u015eerif<\/a><\/div><div class=\"az-post\"><a href=\"https:\/\/kadirdogan.com.tr\/index.php\/2023\/11\/25\/hele-bi-gel-pinhani\/\">Hele Bi Gel &#8211; Pinhani<\/a><\/div><div class=\"az-post\"><a href=\"https:\/\/kadirdogan.com.tr\/index.php\/2023\/11\/19\/her-seyi-yak-duman\/\">Her \u015eeyi Yak &#8211; Duman<\/a><\/div><div class=\"az-post\"><a href=\"https:\/\/kadirdogan.com.tr\/index.php\/2023\/11\/15\/hey-onbesli\/\">Hey Onbe\u015fli &#8211; Anonim<\/a><\/div><div class=\"az-post\"><a href=\"https:\/\/kadirdogan.com.tr\/index.php\/2023\/11\/16\/hicbirisi-sevdigime-benzemez-belik-belik-olmus\/\">Hi\u00e7birisi Sevdi\u011fime Benzemez (Belik Belik Olmu\u015f)- Ozan Emir Ali<\/a><\/div><\/div><div class=\"az-letter\"><span><strong>\u0130<\/strong><\/span><\/div><div class=\"az-posts\"><div class=\"az-post\"><a href=\"https:\/\/kadirdogan.com.tr\/index.php\/2023\/11\/22\/iki-gozum-sezen-aksu\/\">\u0130ki G\u00f6z\u00fcm &#8211; Sezen Aksu<\/a><\/div><\/div><div class=\"az-letter\"><span><strong>J<\/strong><\/span><\/div><div class=\"az-posts\"><div class=\"az-post\"><a href=\"https:\/\/kadirdogan.com.tr\/index.php\/2024\/04\/21\/jest-oldu-mustafa-sandal\/\">Jest Oldu &#8211; Mustafa Sandal<\/a><\/div><\/div><div class=\"az-letter\"><span><strong>K<\/strong><\/span><\/div><div class=\"az-posts\"><div class=\"az-post\"><a href=\"https:\/\/kadirdogan.com.tr\/index.php\/2023\/11\/19\/kal-benim-icin-ibrahim-tatlises\/\">Kal Benim \u0130\u00e7in &#8211; \u0130brahim Tatl\u0131ses<\/a><\/div><div class=\"az-post\"><a href=\"https:\/\/kadirdogan.com.tr\/index.php\/2023\/12\/18\/kar-gordum-kaydim-mahmut-tucner\/\">Kar G\u00f6rd\u00fcm Kayd\u0131m &#8211; Mahmut Tucner<\/a><\/div><div class=\"az-post\"><a href=\"https:\/\/kadirdogan.com.tr\/index.php\/2023\/11\/03\/kar-yagar-kar-ustune\/\">Kar Ya\u011far Kar \u00dcst\u00fcne &#8211; Anonim<\/a><\/div><div class=\"az-post\"><a href=\"https:\/\/kadirdogan.com.tr\/index.php\/2023\/11\/19\/katip-arzu-halim-yaz-yare-boyle\/\">Katip Arzu Halim Yaz Yare B\u00f6yle &#8211; Selda Ba\u011fcan<\/a><\/div><div class=\"az-post\"><a href=\"https:\/\/kadirdogan.com.tr\/index.php\/2023\/11\/18\/kefen-giydim-pinhani\/\">Kefen Giydim &#8211; Pinh\u00e2ni<\/a><\/div><div class=\"az-post\"><a href=\"https:\/\/kadirdogan.com.tr\/index.php\/2023\/11\/26\/kendine-iyi-bak-ahmet-kaya\/\">Kendine \u0130yi Bak &#8211; Ahmet Kaya<\/a><\/div><div class=\"az-post\"><a href=\"https:\/\/kadirdogan.com.tr\/index.php\/2025\/02\/23\/kiz-leyla-sertap-erener\/\">K\u0131z Leyla &#8211; Sertap Erener<\/a><\/div><div class=\"az-post\"><a href=\"https:\/\/kadirdogan.com.tr\/index.php\/2023\/11\/18\/korkuyorlar-edip-akbayram\/\">Korkuyorlar &#8211; Edip Akbayram<\/a><\/div><div class=\"az-post\"><a href=\"https:\/\/kadirdogan.com.tr\/index.php\/2025\/08\/23\/kurtar-beni-tanrim-harun-kolcak\/\">Kurtar Beni Tanr\u0131m &#8211; Harun Kol\u00e7ak<\/a><\/div><\/div><div class=\"az-letter\"><span><strong>M<\/strong><\/span><\/div><div class=\"az-posts\"><div class=\"az-post\"><a href=\"https:\/\/kadirdogan.com.tr\/index.php\/2023\/11\/14\/magusa-limani\/\">Ma\u011fusa Liman\u0131 &#8211; Anonim<\/a><\/div><div class=\"az-post\"><a href=\"https:\/\/kadirdogan.com.tr\/index.php\/2023\/11\/12\/mamak-turkusu\/\">Mamak T\u00fcrk\u00fcs\u00fc (Sonbahardan \u00c7izgiler)- Yeni T\u00fcrk\u00fc<\/a><\/div><\/div><div class=\"az-letter\"><span><strong>O<\/strong><\/span><\/div><div class=\"az-posts\"><div class=\"az-post\"><a href=\"https:\/\/kadirdogan.com.tr\/index.php\/2023\/11\/19\/o-yar-gelir-ruhi-su\/\">O Yar\u00a0Gelir &#8211; Ruhi Su<\/a><\/div><div class=\"az-post\"><a href=\"https:\/\/kadirdogan.com.tr\/index.php\/2024\/06\/02\/odam-kirec-tutmuyor-anonim\/\">Odam Kire\u00e7 Tutmuyor &#8211; Anonim<\/a><\/div><\/div><div class=\"az-letter\"><span><strong>\u00d6<\/strong><\/span><\/div><div class=\"az-posts\"><div class=\"az-post\"><a href=\"https:\/\/kadirdogan.com.tr\/index.php\/2024\/04\/20\/oyle-dertli-duman\/\">\u00d6yle Dertli &#8211; Duman<\/a><\/div><\/div><div class=\"az-letter\"><span><strong>S<\/strong><\/span><\/div><div class=\"az-posts\"><div class=\"az-post\"><a href=\"https:\/\/kadirdogan.com.tr\/index.php\/2023\/11\/03\/sen-bir-aysin\/\">Sen Bir Ays\u0131n &#8211; Anonim<\/a><\/div><div class=\"az-post\"><a href=\"https:\/\/kadirdogan.com.tr\/index.php\/2025\/01\/15\/sen-giderken-soner-arica\/\">Sen Giderken &#8211; Soner Ar\u0131ca<\/a><\/div><\/div><div class=\"az-letter\"><span><strong>T<\/strong><\/span><\/div><div class=\"az-posts\"><div class=\"az-post\"><a href=\"https:\/\/kadirdogan.com.tr\/index.php\/2023\/11\/13\/terketmek-ne-kadar-kolay\/\">Terketmek Ne Kadar Kolay &#8211; \u0130brahim Tatl\u0131ses<\/a><\/div><\/div><div class=\"az-letter\"><span><strong>U<\/strong><\/span><\/div><div class=\"az-posts\"><div class=\"az-post\"><a href=\"https:\/\/kadirdogan.com.tr\/index.php\/2023\/11\/26\/uzun-ince-bir-yoldayim-asik-veysel\/\">Uzun \u0130nce Bir Yolday\u0131m &#8211; A\u015f\u0131k Veysel<\/a><\/div><\/div><div class=\"az-letter\"><span><strong>Y<\/strong><\/span><\/div><div class=\"az-posts\"><div class=\"az-post\"><a href=\"https:\/\/kadirdogan.com.tr\/index.php\/2023\/11\/19\/yagmur-yagar-tas-ustune\/\">Ya\u011fmur Ya\u011far Ta\u015f \u00dcst\u00fcne &#8211; Anonim<\/a><\/div><div class=\"az-post\"><a href=\"https:\/\/kadirdogan.com.tr\/index.php\/2023\/11\/12\/yuruyorum-dikenlerin-ustunde\/\">Y\u00fcr\u00fcyorum Dikenlerin \u00dcst\u00fcnde &#8211; Selda Ba\u011fcan<\/a><\/div><\/div><div class=\"az-letter\"><span><strong>Z<\/strong><\/span><\/div><div class=\"az-posts\"><div class=\"az-post\"><a href=\"https:\/\/kadirdogan.com.tr\/index.php\/2023\/11\/17\/zevzek-asik-mahsuni-serif\/\">Zevzek &#8211; A\u015f\u0131k Mahsuni \u015eerif<\/a><\/div><\/div><\/div>\n","protected":false},"excerpt":{"rendered":"<p>Yeni ba\u015flayanlar i\u00e7in gitar akorlar\u0131nu bulmak, \u00e7\u0131karmak ya da yorumlamak her zaman soru\u0131n olmu\u015ftur. Bunun yan\u0131nda \u00f6zellikle ba\u011flama gibi t\u00fcrk m\u00fczi\u011fine ait bir est\u00fcrmana bat\u0131 m\u00fczi\u011finin enst\u00fcrman\u0131 olan gitar ile e\u015flik etmek her zaman kafa kar\u0131\u015ft\u0131r\u0131c\u0131 olmu\u015ftur. A\u015fa\u011f\u0131daki \u015fark\u0131lar\u0131 bu konuyu g\u00f6z \u00f6n\u00fcne alarak d\u00fczenledim.<\/p>\n","protected":false},"author":1,"featured_media":0,"parent":0,"menu_order":0,"comment_status":"closed","ping_status":"closed","template":"","meta":{"site-sidebar-layout":"default","site-content-layout":"","ast-site-content-layout":"default","site-content-style":"default","site-sidebar-style":"default","ast-global-header-display":"","ast-banner-title-visibility":"","ast-main-header-display":"","ast-hfb-above-header-display":"","ast-hfb-below-header-display":"","ast-hfb-mobile-header-display":"","site-post-title":"","ast-breadcrumbs-content":"","ast-featured-img":"","footer-sml-layout":"","theme-transparent-header-meta":"default","adv-header-id-meta":"","stick-header-meta":"","header-above-stick-meta":"","header-main-stick-meta":"","header-below-stick-meta":"","astra-migrate-meta-layouts":"set","ast-page-background-enabled":"default","ast-page-background-meta":{"desktop":{"background-color":"var(--ast-global-color-4)","background-image":"","background-repeat":"repeat","background-position":"center center","background-size":"auto","background-attachment":"scroll","background-type":"","background-media":"","overlay-type":"","overlay-color":"","overlay-gradient":""},"tablet":{"background-color":"","background-image":"","background-repeat":"repeat","background-position":"center center","background-size":"auto","background-attachment":"scroll","background-type":"","background-media":"","overlay-type":"","overlay-color":"","overlay-gradient":""},"mobile":{"background-color":"","background-image":"","background-repeat":"repeat","background-position":"center center","background-size":"auto","background-attachment":"scroll","background-type":"","background-media":"","overlay-type":"","overlay-color":"","overlay-gradient":""}},"ast-content-background-meta":{"desktop":{"background-color":"var(--ast-global-color-5)","background-image":"","background-repeat":"repeat","background-position":"center center","background-size":"auto","background-attachment":"scroll","background-type":"","background-media":"","overlay-type":"","overlay-color":"","overlay-gradient":""},"tablet":{"background-color":"var(--ast-global-color-5)","background-image":"","background-repeat":"repeat","background-position":"center center","background-size":"auto","background-attachment":"scroll","background-type":"","background-media":"","overlay-type":"","overlay-color":"","overlay-gradient":""},"mobile":{"background-color":"var(--ast-global-color-5)","background-image":"","background-repeat":"repeat","background-position":"center center","background-size":"auto","background-attachment":"scroll","background-type":"","background-media":"","overlay-type":"","overlay-color":"","overlay-gradient":""}},"footnotes":""},"class_list":["post-411","page","type-page","status-publish","hentry"],"_links":{"self":[{"href":"https:\/\/kadirdogan.com.tr\/index.php\/wp-json\/wp\/v2\/pages\/411","targetHints":{"allow":["GET"]}}],"collection":[{"href":"https:\/\/kadirdogan.com.tr\/index.php\/wp-json\/wp\/v2\/pages"}],"about":[{"href":"https:\/\/kadirdogan.com.tr\/index.php\/wp-json\/wp\/v2\/types\/page"}],"author":[{"embeddable":true,"href":"https:\/\/kadirdogan.com.tr\/index.php\/wp-json\/wp\/v2\/users\/1"}],"replies":[{"embeddable":true,"href":"https:\/\/kadirdogan.com.tr\/index.php\/wp-json\/wp\/v2\/comments?post=411"}],"version-history":[{"count":3,"href":"https:\/\/kadirdogan.com.tr\/index.php\/wp-json\/wp\/v2\/pages\/411\/revisions"}],"predecessor-version":[{"id":417,"href":"https:\/\/kadirdogan.com.tr\/index.php\/wp-json\/wp\/v2\/pages\/411\/revisions\/417"}],"wp:attachment":[{"href":"https:\/\/kadirdogan.com.tr\/index.php\/wp-json\/wp\/v2\/media?parent=411"}],"curies":[{"name":"wp","href":"https:\/\/api.w.org\/{rel}","templated":true}]}}