{"id":228,"date":"2023-09-06T14:34:37","date_gmt":"2023-09-06T13:34:37","guid":{"rendered":"https:\/\/kadirdogan.com.tr\/?page_id=228"},"modified":"2023-10-04T21:29:34","modified_gmt":"2023-10-04T20:29:34","slug":"kelime-tahmin-oyunu-wortratespiel","status":"publish","type":"page","link":"https:\/\/kadirdogan.com.tr\/index.php\/kelime-tahmin-oyunu-wortratespiel\/","title":{"rendered":"Kelime Tahmin Oyunu | Wortratespiel"},"content":{"rendered":"\n<p>Merhaba!<\/p>\n\n\n\n<p>Uzun y\u0131llar boyunca e\u011fitmenlik yapm\u0131\u015f biri olarak, \u00f6\u011frenmenin ne kadar zorlu bir s\u00fcre\u00e7 oldu\u011funu iyi biliyorum. \u0130\u015fte bu nedenle Almanca \u00f6\u011frenmek i\u00e7in harika bir oyun geli\u015ftirdim. Kendi ihtiya\u00e7lar\u0131m\u0131 kar\u015f\u0131lamak amac\u0131yla ba\u015flad\u0131m ve farkl\u0131 gruplarla oynad\u0131ktan sonra bu oyunun ger\u00e7ekten etkili oldu\u011funu g\u00f6rd\u00fcm. \u0130lk olarak Python ile kodlad\u0131m, ancak sonunda bunu web tabanl\u0131 bir oyun haline getirdim. Gelecekte farkl\u0131 s\u00fcr\u00fcmlerini yay\u0131nlamay\u0131 planl\u0131yorum, ancak \u015fu an i\u00e7inhem A2-B1 seviyesine hem de B2-C1 seviyesinde Almanca \u00f6\u011frenmek isteyenlere y\u00f6nelik iki farkl\u0131 versiyonunu sunuyorum. Linkleri a\u015fa\u011f\u0131ya ekledim.<\/p>\n\n\n\n<figure class=\"wp-block-image size-full\"><img loading=\"lazy\" decoding=\"async\" width=\"701\" height=\"768\" src=\"https:\/\/kadirdogan.com.tr\/wp-content\/uploads\/2023\/09\/image.png\" alt=\"\" class=\"wp-image-229\" srcset=\"https:\/\/kadirdogan.com.tr\/wp-content\/uploads\/2023\/09\/image.png 701w, https:\/\/kadirdogan.com.tr\/wp-content\/uploads\/2023\/09\/image-274x300.png 274w\" sizes=\"auto, (max-width: 701px) 100vw, 701px\" \/><\/figure>\n\n\n\n<p>Bu oyunun \u00f6\u011frenme a\u015famalar\u0131ndaki ba\u015far\u0131y\u0131 art\u0131rmak i\u00e7in harika bir motivasyon kayna\u011f\u0131 oldu\u011funa inan\u0131yorum. \u00d6\u011frenme s\u00fcrecinin %10&#8217;unun okuma, %20&#8217;sinin dinleme ve %70&#8217;inin ise uygulama oldu\u011funa dair bir inanca sahibim ve bu oyun, bu inan\u00e7 \u00fczerine kurulu.<\/p>\n\n\n\n<p>Peki, oyun size neler vaat ediyor? Bu oyunun iki versiyonu var; Almanca A2-B1 seviyesi ders kitaplar\u0131nda bulunan 2600&#8217;den fazla kelime bulunan versiyonu ve Almanca B2-C1 seviyesi ders kitaplar\u0131nda bulunan 1700&#8217;den fazla kelimeyi i\u00e7eren versiyonu. Ayr\u0131ca son olarak A1-C1 aras\u0131nda herkesin mutlaka \u00f6\u011frenmesi gereken fiiler ve kelimelerden olu\u015fan bir versiyon daha ekledim. Her kelimenin hem \u0130ngilizce anlamlar\u0131 ve baz\u0131 kelimeler i\u00e7in \u00f6rnek c\u00fcmleler mevcut. Veritaban\u0131m\u0131z zaman i\u00e7inde g\u00fcncellenecek, ancak \u015fu an i\u00e7in olduk\u00e7a kapsaml\u0131.<\/p>\n\n\n\n<p>Oyunumuz nas\u0131l oyan\u0131yor? \u00dc\u00e7 a\u015famadan olu\u015fuyor!<\/p>\n\n\n\n<p><strong>A\u015fama 1:<\/strong> \u0130lk olarak, 2 ila 6 ki\u015filik bir konu\u015fma grubu olu\u015fturun. Bu grubu \u00e7evrimi\u00e7i veya y\u00fcz y\u00fcze kurabilirsiniz. Ard\u0131ndan, her biri cep telefonu veya bilgisayarlar\u0131n\u0131 kullanarak oyunun ba\u011flant\u0131s\u0131n\u0131 a\u00e7ar ve rastgele gelen kelimeyi Almanca olarak arkada\u015flar\u0131na anlatmaya \u00e7al\u0131\u015f\u0131r. \u0130sterseniz ne\u015feli hareketler yapabilir veya takla atabilirsiniz, hi\u00e7 \u00f6nemli de\u011fil! Buradaki ama\u00e7, konu\u015fma esnas\u0131nda her kelimeyi bilemek zorunda olmadan, kelimeleri betimleyerek ileti\u015fim kurma becerinizi artt\u0131rmakt\u0131r. \u0130stedi\u011finiz \u015fekilde anlatabilirsiz, z\u0131t anlamlar\u0131n\u0131 veya e\u015f anlamlar\u0131n\u0131 kullanabilirsiniz. Burada kat\u0131 kurallar yok, s\u00fcre s\u0131n\u0131rlamas\u0131 yok ve hatta pas ge\u00e7ebilirsiniz! \u00d6d\u00fcl m\u00fc? Yeni kelimeler \u00f6\u011frenmek ve bir puan toplama kayg\u0131s\u0131 olmadan e\u011flenmek!<\/p>\n\n\n\n<p><strong>A\u015fama 2:<\/strong> Her oyuncu, anlatt\u0131klar\u0131 kelimeleri kullanarak basit bir hikaye olu\u015fturur ve bu hikayeyi di\u011fer arkada\u015flar\u0131yla payla\u015f\u0131r.<\/p>\n\n\n\n<p><strong>A\u015fama 3:<\/strong> Her bir oyuncu, hikayede bulunan hatalar\u0131, imla ve dilbilgisi kurallar\u0131n\u0131 d\u00fczeltebilir.<\/p>\n\n\n\n<p><em>*Alternatif olarak A\u015fama 2 ve 3&#8217;\u00fc birlikte yapabilirsiniz. Tamemen size kalm\u0131\u015f!<\/em><\/p>\n\n\n\n<p>Vaktiniz mi s\u0131n\u0131rl\u0131? Kelimeleri not al\u0131n ve hikayeyi bir sonraki g\u00f6r\u00fc\u015fmeye kadar yaz\u0131n ve sonraki g\u00f6r\u00fc\u015fmeye hikayelerin gramer hatalar\u0131n\u0131 d\u00fczeleterek ba\u015flay\u0131n ve ard\u0131ndan kelime oyunu ile bitirin. Ve i\u015fte bu kadar! Oyunu diledi\u011finiz kadar tekrarlayabilirsiniz. E\u011flenceli ve etkili bir \u015fekilde Almancan\u0131z\u0131 geli\u015ftirmeye haz\u0131r m\u0131s\u0131n\u0131z? <strong>Lasst uns gehen!<\/strong><\/p>\n\n\n\n<div class=\"wp-block-buttons is-layout-flex wp-block-buttons-is-layout-flex\">\n<div class=\"wp-block-button\"><a class=\"wp-block-button__link wp-element-button\" href=\"https:\/\/kadirdogan.com.tr\/a2-b1-game.html\">A2-B1 Oyunu!<\/a><\/div>\n\n\n\n<div class=\"wp-block-button\"><a class=\"wp-block-button__link wp-element-button\" href=\"https:\/\/kadirdogan.com.tr\/game.html\">B2-C1 Oyunu!<\/a><\/div>\n\n\n\n<div class=\"wp-block-button\"><a class=\"wp-block-button__link wp-element-button\" href=\"http:\/\/kadirdogan.com.tr\/a1c1.html\">A1-C1 Oyunu!<\/a><\/div>\n\n\n<\/div>\n","protected":false},"excerpt":{"rendered":"<p>Merhaba! Uzun y\u0131llar boyunca e\u011fitmenlik yapm\u0131\u015f biri olarak, \u00f6\u011frenmenin ne kadar zorlu bir s\u00fcre\u00e7 oldu\u011funu iyi biliyorum. \u0130\u015fte bu nedenle Almanca \u00f6\u011frenmek i\u00e7in harika bir oyun geli\u015ftirdim. Kendi ihtiya\u00e7lar\u0131m\u0131 kar\u015f\u0131lamak amac\u0131yla ba\u015flad\u0131m ve farkl\u0131 gruplarla oynad\u0131ktan sonra bu oyunun ger\u00e7ekten etkili oldu\u011funu g\u00f6rd\u00fcm. \u0130lk olarak Python ile kodlad\u0131m, ancak sonunda bunu web tabanl\u0131 bir oyun [&hellip;]<\/p>\n","protected":false},"author":1,"featured_media":0,"parent":0,"menu_order":0,"comment_status":"closed","ping_status":"closed","template":"","meta":{"site-sidebar-layout":"default","site-content-layout":"","ast-site-content-layout":"","site-content-style":"default","site-sidebar-style":"default","ast-global-header-display":"","ast-banner-title-visibility":"","ast-main-header-display":"","ast-hfb-above-header-display":"","ast-hfb-below-header-display":"","ast-hfb-mobile-header-display":"","site-post-title":"","ast-breadcrumbs-content":"","ast-featured-img":"","footer-sml-layout":"","theme-transparent-header-meta":"","adv-header-id-meta":"","stick-header-meta":"","header-above-stick-meta":"","header-main-stick-meta":"","header-below-stick-meta":"","astra-migrate-meta-layouts":"default","ast-page-background-enabled":"default","ast-page-background-meta":{"desktop":{"background-color":"var(--ast-global-color-4)","background-image":"","background-repeat":"repeat","background-position":"center center","background-size":"auto","background-attachment":"scroll","background-type":"","background-media":"","overlay-type":"","overlay-color":"","overlay-gradient":""},"tablet":{"background-color":"","background-image":"","background-repeat":"repeat","background-position":"center center","background-size":"auto","background-attachment":"scroll","background-type":"","background-media":"","overlay-type":"","overlay-color":"","overlay-gradient":""},"mobile":{"background-color":"","background-image":"","background-repeat":"repeat","background-position":"center center","background-size":"auto","background-attachment":"scroll","background-type":"","background-media":"","overlay-type":"","overlay-color":"","overlay-gradient":""}},"ast-content-background-meta":{"desktop":{"background-color":"var(--ast-global-color-5)","background-image":"","background-repeat":"repeat","background-position":"center center","background-size":"auto","background-attachment":"scroll","background-type":"","background-media":"","overlay-type":"","overlay-color":"","overlay-gradient":""},"tablet":{"background-color":"var(--ast-global-color-5)","background-image":"","background-repeat":"repeat","background-position":"center center","background-size":"auto","background-attachment":"scroll","background-type":"","background-media":"","overlay-type":"","overlay-color":"","overlay-gradient":""},"mobile":{"background-color":"var(--ast-global-color-5)","background-image":"","background-repeat":"repeat","background-position":"center center","background-size":"auto","background-attachment":"scroll","background-type":"","background-media":"","overlay-type":"","overlay-color":"","overlay-gradient":""}},"footnotes":""},"class_list":["post-228","page","type-page","status-publish","hentry"],"_links":{"self":[{"href":"https:\/\/kadirdogan.com.tr\/index.php\/wp-json\/wp\/v2\/pages\/228","targetHints":{"allow":["GET"]}}],"collection":[{"href":"https:\/\/kadirdogan.com.tr\/index.php\/wp-json\/wp\/v2\/pages"}],"about":[{"href":"https:\/\/kadirdogan.com.tr\/index.php\/wp-json\/wp\/v2\/types\/page"}],"author":[{"embeddable":true,"href":"https:\/\/kadirdogan.com.tr\/index.php\/wp-json\/wp\/v2\/users\/1"}],"replies":[{"embeddable":true,"href":"https:\/\/kadirdogan.com.tr\/index.php\/wp-json\/wp\/v2\/comments?post=228"}],"version-history":[{"count":13,"href":"https:\/\/kadirdogan.com.tr\/index.php\/wp-json\/wp\/v2\/pages\/228\/revisions"}],"predecessor-version":[{"id":268,"href":"https:\/\/kadirdogan.com.tr\/index.php\/wp-json\/wp\/v2\/pages\/228\/revisions\/268"}],"wp:attachment":[{"href":"https:\/\/kadirdogan.com.tr\/index.php\/wp-json\/wp\/v2\/media?parent=228"}],"curies":[{"name":"wp","href":"https:\/\/api.w.org\/{rel}","templated":true}]}}